{"id":1528,"date":"2023-08-24T08:41:40","date_gmt":"2023-08-24T08:41:40","guid":{"rendered":"https:\/\/jtex.ch\/rechtliche-hinweise\/"},"modified":"2025-04-07T19:59:51","modified_gmt":"2025-04-07T19:59:51","slug":"rechtliche-hinweise","status":"publish","type":"page","link":"https:\/\/jtex.ch\/de\/rechtliche-hinweise\/","title":{"rendered":"Rechtliche Hinweise"},"content":{"rendered":"\t\t<div data-elementor-type=\"wp-page\" data-elementor-id=\"1528\" class=\"elementor elementor-1528 elementor-1490\" data-elementor-post-type=\"page\">\n\t\t\t\t\t\t<section class=\"elementor-section elementor-top-section elementor-element elementor-element-942f94c elementor-section-boxed elementor-section-height-default elementor-section-height-default\" data-id=\"942f94c\" data-element_type=\"section\" data-settings=\"{&quot;background_background&quot;:&quot;classic&quot;}\">\n\t\t\t\t\t\t\t<div class=\"elementor-background-overlay\"><\/div>\n\t\t\t\t\t\t\t<div class=\"elementor-container elementor-column-gap-default\">\n\t\t\t\t\t<div class=\"elementor-column elementor-col-100 elementor-top-column elementor-element elementor-element-c55b6a9\" data-id=\"c55b6a9\" data-element_type=\"column\">\n\t\t\t<div class=\"elementor-widget-wrap elementor-element-populated\">\n\t\t\t\t\t\t<div class=\"elementor-element elementor-element-6eb6cec elementor-widget elementor-widget-text-editor\" data-id=\"6eb6cec\" data-element_type=\"widget\" data-widget_type=\"text-editor.default\">\n\t\t\t\t<div class=\"elementor-widget-container\">\n\t\t\t\t\t\t\t\t\t<div id=\"cc-m-14251645332\" class=\"j-module n j-text \"><h1 class=\"n\">Rechtliche Hinweise<\/h1><h2><strong>Impressum<\/strong><\/h2><\/div><div id=\"cc-m-14251643532\" class=\"j-module n j-text \"><div id=\"cc-m-14141522432\" class=\"j-module n j-text\">\u00a0<\/div><\/div><div id=\"cc-m-14251645532\" class=\"j-module n j-text \"><p>Jtex GmbH<br \/><a href=\"https:\/\/goo.gl\/maps\/g3yHZFHCLUbauQt87\" target=\"_blank\" rel=\"noopener\">Zihlstrasse 12<br \/>2560 Nidau<\/a><\/p><p>Juan Pizarro<br \/><a href=\"tel:077%20523%2000%2053\">077 523 00 53<\/a><\/p><p><a href=\"mailto:info@jtex.ch\">info@jtex.ch<\/a><br \/>IDE : CHE-497.085.870<\/p><h2>Haftung<\/h2><p>Jtex GmbH lehnt jegliche Haftung ab, f\u00fcr Informationen, die von oder \u00fcber die Website oder in Marketing-E-Mails von Jtex GmbH abrufbar sind. Davon ausgenommen sind nur Informationen, die mit einem entsprechenden Vermerk betreffend der Urheberschaft von Jtex GmbH gekennzeichnet sind oder offensichtlich von Jtex GmbH stammen. Jtex GmbH \u00fcbt keine Kontrolle \u00fcber Informationen aus, die insbesondere auf externen Servern, auf Servern mit Publikumszugang, Usenet Newsservern, Diskussionsforen, Chatr\u00e4umen usw. gespeichert sind. Die auf der Website von Jtex GmbH enthaltenen Informationen k\u00f6nnen jederzeit \u00e4ndern. Jtex GmbH kann weder zusichern, dass diese Informationen vollst\u00e4ndig noch dass sie aktuell sind. Ihre Verwendung erfolgt auf das Risiko der Besucherinnen und Besucher.<\/p><p><strong>COOKIE:<\/strong><\/p><p>Diese Website verwendet Cookies, um Ihnen das bestm\u00f6gliche Surferlebnis zu bieten. Wenn Sie mit der Verwendung von Cookies einverstanden sind, klicken Sie bitte unten auf die Option &#8222;Ja, ich stimme zu&#8220;. Um mehr \u00fcber die von uns verwendeten Cookies zu erfahren und die Einstellungen bez\u00fcglich ihrer Verwendung anzupassen, lesen Sie bitte unsere Richtlinien zur Verwendung von Cookies.<\/p><\/div>\t\t\t\t\t\t\t\t<\/div>\n\t\t\t\t<\/div>\n\t\t\t\t\t<\/div>\n\t\t<\/div>\n\t\t\t\t\t<\/div>\n\t\t<\/section>\n\t\t\t\t<\/div>\n\t\t","protected":false},"excerpt":{"rendered":"<p>Rechtliche Hinweise Impressum \u00a0 Jtex GmbHZihlstrasse 122560 Nidau Juan Pizarro077 523 00 53 info@jtex.chIDE : CHE-497.085.870 Haftung Jtex GmbH lehnt jegliche Haftung ab, f\u00fcr Informationen, die von oder \u00fcber die Website oder in Marketing-E-Mails von Jtex GmbH abrufbar sind. Davon ausgenommen sind nur Informationen, die mit einem entsprechenden Vermerk betreffend der Urheberschaft von Jtex GmbH [&hellip;]<\/p>\n","protected":false},"author":3,"featured_media":0,"parent":0,"menu_order":0,"comment_status":"closed","ping_status":"closed","template":"elementor_header_footer","meta":{"inline_featured_image":false,"footnotes":""},"class_list":["post-1528","page","type-page","status-publish","hentry"],"_links":{"self":[{"href":"https:\/\/jtex.ch\/de\/wp-json\/wp\/v2\/pages\/1528","targetHints":{"allow":["GET"]}}],"collection":[{"href":"https:\/\/jtex.ch\/de\/wp-json\/wp\/v2\/pages"}],"about":[{"href":"https:\/\/jtex.ch\/de\/wp-json\/wp\/v2\/types\/page"}],"author":[{"embeddable":true,"href":"https:\/\/jtex.ch\/de\/wp-json\/wp\/v2\/users\/3"}],"replies":[{"embeddable":true,"href":"https:\/\/jtex.ch\/de\/wp-json\/wp\/v2\/comments?post=1528"}],"version-history":[{"count":7,"href":"https:\/\/jtex.ch\/de\/wp-json\/wp\/v2\/pages\/1528\/revisions"}],"predecessor-version":[{"id":3068,"href":"https:\/\/jtex.ch\/de\/wp-json\/wp\/v2\/pages\/1528\/revisions\/3068"}],"wp:attachment":[{"href":"https:\/\/jtex.ch\/de\/wp-json\/wp\/v2\/media?parent=1528"}],"curies":[{"name":"wp","href":"https:\/\/api.w.org\/{rel}","templated":true}]}}