{"id":1526,"date":"2023-08-24T08:12:09","date_gmt":"2023-08-24T08:12:09","guid":{"rendered":"https:\/\/jtex.ch\/datenschutzrichtlinie\/"},"modified":"2025-03-30T10:46:09","modified_gmt":"2025-03-30T10:46:09","slug":"datenschutzrichtlinie","status":"publish","type":"page","link":"https:\/\/jtex.ch\/de\/datenschutzrichtlinie\/","title":{"rendered":"Datenschutzrichtlinie"},"content":{"rendered":"\t\t<div data-elementor-type=\"wp-page\" data-elementor-id=\"1526\" class=\"elementor elementor-1526 elementor-1481\" data-elementor-post-type=\"page\">\n\t\t\t\t\t\t<section class=\"elementor-section elementor-top-section elementor-element elementor-element-fc4155c elementor-section-boxed elementor-section-height-default elementor-section-height-default\" data-id=\"fc4155c\" data-element_type=\"section\">\n\t\t\t\t\t\t<div class=\"elementor-container elementor-column-gap-default\">\n\t\t\t\t\t<div class=\"elementor-column elementor-col-100 elementor-top-column elementor-element elementor-element-27280b0\" data-id=\"27280b0\" data-element_type=\"column\">\n\t\t\t<div class=\"elementor-widget-wrap elementor-element-populated\">\n\t\t\t\t\t\t<div class=\"elementor-element elementor-element-11000fa elementor-widget elementor-widget-text-editor\" data-id=\"11000fa\" data-element_type=\"widget\" data-widget_type=\"text-editor.default\">\n\t\t\t\t<div class=\"elementor-widget-container\">\n\t\t\t\t\t\t\t\t\t<h1>Datenschutzrichtlinie<\/h1><h2 class=\"n\">Wichtiger Hinweis zur Datenverarbeitung im Zusammenhang mit Google Analytics<\/h2><p class=\"n\">Diese Website benutzt Google Analytics, einen Webanalysedienst von Google Ireland Limited. Wenn die f\u00fcr die Verarbeitung der von dieser Website erfassten Daten verantwortliche Stelle au\u00dferhalb des Europ\u00e4ischen Wirtschaftsraums und der Schweiz ans\u00e4ssig ist, dann wird die Verarbeitung der mit Google Analytics verbundenen Daten von Google LLC (mit Sitz in den USA) durchgef\u00fchrt. Google Ireland Limited und Google LLC werden im Folgenden als &#8222;Google&#8220; bezeichnet.<\/p><p>Google Analytics verwendet sog. &#8222;Cookies&#8220;, Textdateien, die auf dem Computer des Website-Besuchers gespeichert werden und die eine Analyse der Benutzung der Website durch den Besucher erm\u00f6glichen. Die durch das Cookie erzeugten Informationen (einschlie\u00dflich der gek\u00fcrzten IP-Adresse) \u00fcber die Nutzung der Website werden in der Regel an Google weitergeleitet und dort gespeichert.<\/p><p>Google Analytics wird ausschlie\u00dflich mit der Erweiterung &#8222;_anonymizeIp ()&#8220; auf dieser Website verwendet. Die Erweiterung gew\u00e4hrleistet eine Anonymisierung der IP-Adresse durch Trunkierung und schlie\u00dft damit einen direkten Personenbezug aus. \u00dcber diese Erweiterung k\u00fcrzt Google die IP-Adresse des Besuchers der Website, der sich in einem Mitgliedstaat der Europ\u00e4ischen Union oder in einem anderen Vertragsstaat des Abkommens \u00fcber den Europ\u00e4ischen Wirtschaftsraum befindet. Nur in Ausnahmef\u00e4llen wird die volle IP-Adresse des Website-Besuchers an die Server von Google \u00fcbertragen und in den USA gek\u00fcrzt. Die IP-Adresse, die vom Browser des Besuchers der Website, die Google Analytics verwendet, geliefert wird, wird von Google nicht mit anderen Daten von Google zusammengef\u00fchrt.<\/p><p>Im Auftrag des Betreibers der Website wird Google die gesammelten Informationen benutzen, um die Nutzung der Website auszuwerten, um Reports \u00fcber die Websiteaktivit\u00e4ten zusammenzustellen und um weitere mit der Website und dem Internet verbundene Dienstleistungen gegen\u00fcber dem Websitebetreiber zu erbringen (Art. 6, 1. f, DSGVO). Das berechtigte Interesse an der Datenverarbeitung liegt in der Optimierung dieser Website, der Analyse der Nutzung der Website und der Anpassung der Inhalte. Das Interesse der Nutzer wird durch die Pseudonymisierung ihrer Daten angemessen gesch\u00fctzt.<\/p><p>Google LLC gew\u00e4hrleistet ein angemessenes Datenschutzniveau auf der Grundlage der europ\u00e4ischen Standardvertragsklauseln. Die gesendeten und mit den Cookies von Google Analytics verkn\u00fcpften Daten, wie z. B. die Nutzer-ID oder die Anzeigen-ID, werden nach 50 Monaten automatisch gel\u00f6scht. Die L\u00f6schung von Daten, die das Ende der Aufbewahrungsfrist erreicht haben, erfolgt automatisch einmal im Monat.<\/p><p>Der Besucher der Website kann die Verwendung von Cookies ablehnen, indem er die entsprechende Einstellung im Browser w\u00e4hlt. Der Besucher der Website kann auch verhindern, dass Google \u00fcber Cookies Informationen (einschlie\u00dflich der IP-Adresse) sammelt und diese Informationen verarbeitet, indem er dieses Plug-in in seinen Browser herunterl\u00e4dt und installiert: <a href=\"http:\/\/tools.google.com\/dlpage\/gaoptout\" target=\"_blank\" rel=\"noopener\">http:\/\/tools.google.com\/dlpage\/gaoptout<\/a>.<\/p><p><span class=\"jtpl-ga-opt-out-text \">Der Besucher der Website kann die Erfassung der Daten durch Google Analytics verhindern, indem er auf diesen <a class=\"ga-opt-out-link\">Link klickt<\/a>. Es wird dann ein &#8222;Opt-out-Cookie&#8220; gesetzt, das es dem Besucher der Website erm\u00f6glicht, w\u00e4hrend seines Surfens auf der Website nicht verfolgt zu werden.<\/span><\/p><p>Weitere Informationen zur Datenverarbeitung und -nutzung durch Google, zu den Einstellungen und Deaktivierungsm\u00f6glichkeiten finden Sie in der Datenschutzerkl\u00e4rung von Google (<a href=\"https:\/\/policies.google.com\/privacy\" target=\"_blank\" rel=\"noopener\">https:\/\/policies.google.com\/privacy<\/a>) sowie in den Einstellungen von Google Ads (<a href=\"https:\/\/adssettings.google.com\/authenticated\" target=\"_blank\" rel=\"noopener\">https:\/\/adssettings.google.com\/authenticated<\/a>).<\/p><p> <\/p><h2 class=\"n\">reCAPTCHA<\/h2><p class=\"n\">Wir verwenden den Dienst reCAPTCHA von Google LLC (Google), um die Formulareingaben auf Ihrer Website zu sch\u00fctzen. Dieser Dienst wird verwendet, um zwischen Eingaben, die von einem Menschen gemacht wurden, und automatisiertem Missbrauch zu unterscheiden. Dies beinhaltet die \u00dcbermittlung der IP-Adresse und m\u00f6glicherweise anderer Daten, die von Google f\u00fcr den reCAPTCHA-Dienst ben\u00f6tigt werden. Zu diesem Zweck werden Ihre Daten an Google weitergeleitet und von deren Diensten verwendet. Ihre IP-Adresse wird jedoch von Google innerhalb von Mitgliedstaaten der Europ\u00e4ischen Union &#8211; oder in anderen Vertragsstaaten des Abkommens \u00fcber den Europ\u00e4ischen Wirtschaftsraum &#8211; zuvor gek\u00fcrzt und somit anonymisiert. In Ausnahmef\u00e4llen wird Ihre volle IP-Adresse an einen Server von Google in den USA \u00fcbertragen und dort anschlie\u00dfend gek\u00fcrzt. Im Auftrag des Betreibers dieser Website wird Google diese Informationen benutzen, um Ihre Nutzung dieses Dienstes auszuwerten. Die von reCAPTCHA von Ihrem Browser bereitgestellte IP-Adresse wird nicht mit anderen Daten von Google zusammengef\u00fchrt. Diese Datenerhebung unterliegt der Datenschutzrichtlinie von Google. Weitere Informationen zur Datenschutzrichtlinie von Google finden Sie unter: <a href=\"https:\/\/policies.google.com\/privacy?hl=fr\" target=\"_blank\" rel=\"noopener\">https:\/\/policies.google.com\/privacy?hl=fr<\/a><br>Durch die Nutzung des reCAPTCHA-Dienstes erkl\u00e4ren Sie sich mit der Bearbeitung der \u00fcber Sie erhobenen Daten durch Google in der zuvor beschriebenen Art und Weise und zu dem zuvor benannten Zweck einverstanden.<\/p>\t\t\t\t\t\t\t\t<\/div>\n\t\t\t\t<\/div>\n\t\t\t\t\t<\/div>\n\t\t<\/div>\n\t\t\t\t\t<\/div>\n\t\t<\/section>\n\t\t\t\t<\/div>\n\t\t","protected":false},"excerpt":{"rendered":"<p>Datenschutzrichtlinie Wichtiger Hinweis zur Datenverarbeitung im Zusammenhang mit Google Analytics Diese Website benutzt Google Analytics, einen Webanalysedienst von Google Ireland Limited. Wenn die f\u00fcr die Verarbeitung der von dieser Website erfassten Daten verantwortliche Stelle au\u00dferhalb des Europ\u00e4ischen Wirtschaftsraums und der Schweiz ans\u00e4ssig ist, dann wird die Verarbeitung der mit Google Analytics verbundenen Daten von Google [&hellip;]<\/p>\n","protected":false},"author":3,"featured_media":0,"parent":0,"menu_order":0,"comment_status":"closed","ping_status":"closed","template":"elementor_header_footer","meta":{"inline_featured_image":false,"footnotes":""},"class_list":["post-1526","page","type-page","status-publish","hentry"],"_links":{"self":[{"href":"https:\/\/jtex.ch\/de\/wp-json\/wp\/v2\/pages\/1526","targetHints":{"allow":["GET"]}}],"collection":[{"href":"https:\/\/jtex.ch\/de\/wp-json\/wp\/v2\/pages"}],"about":[{"href":"https:\/\/jtex.ch\/de\/wp-json\/wp\/v2\/types\/page"}],"author":[{"embeddable":true,"href":"https:\/\/jtex.ch\/de\/wp-json\/wp\/v2\/users\/3"}],"replies":[{"embeddable":true,"href":"https:\/\/jtex.ch\/de\/wp-json\/wp\/v2\/comments?post=1526"}],"version-history":[{"count":3,"href":"https:\/\/jtex.ch\/de\/wp-json\/wp\/v2\/pages\/1526\/revisions"}],"predecessor-version":[{"id":2823,"href":"https:\/\/jtex.ch\/de\/wp-json\/wp\/v2\/pages\/1526\/revisions\/2823"}],"wp:attachment":[{"href":"https:\/\/jtex.ch\/de\/wp-json\/wp\/v2\/media?parent=1526"}],"curies":[{"name":"wp","href":"https:\/\/api.w.org\/{rel}","templated":true}]}}